{"id":14,"date":"2022-07-13T13:23:44","date_gmt":"2022-07-13T13:23:44","guid":{"rendered":"https:\/\/sustaineplus.erasmus.site\/?page_id=14"},"modified":"2024-04-04T18:21:54","modified_gmt":"2024-04-04T18:21:54","slug":"home","status":"publish","type":"page","link":"https:\/\/sustaineplus.erasmus.site\/pl\/","title":{"rendered":"(English) Home"},"content":{"rendered":"\t\t<div data-elementor-type=\"wp-page\" data-elementor-id=\"14\" class=\"elementor elementor-14\">\n\t\t\t\t\t\t<section class=\"elementor-section elementor-top-section elementor-element elementor-element-dded921 elementor-section-height-full elementor-section-boxed elementor-section-height-default elementor-section-items-middle\" data-id=\"dded921\" data-element_type=\"section\" data-e-type=\"section\" data-settings=\"{&quot;background_background&quot;:&quot;classic&quot;}\">\n\t\t\t\t\t\t<div class=\"elementor-container elementor-column-gap-default\">\n\t\t\t\t\t<div class=\"elementor-column elementor-col-100 elementor-top-column elementor-element elementor-element-091efd5\" data-id=\"091efd5\" data-element_type=\"column\" data-e-type=\"column\">\n\t\t\t<div class=\"elementor-widget-wrap elementor-element-populated\">\n\t\t\t\t\t\t<div class=\"elementor-element elementor-element-2f692f6 elementor-widget elementor-widget-heading\" data-id=\"2f692f6\" data-element_type=\"widget\" data-e-type=\"widget\" data-widget_type=\"heading.default\">\n\t\t\t\t<div class=\"elementor-widget-container\">\n\t\t\t\t\t<h2 class=\"elementor-heading-title elementor-size-xxl\">SUSTAIN E+<\/h2>\t\t\t\t<\/div>\n\t\t\t\t<\/div>\n\t\t\t\t<div class=\"elementor-element elementor-element-41c4f57 elementor-widget elementor-widget-heading\" data-id=\"41c4f57\" data-element_type=\"widget\" data-e-type=\"widget\" data-widget_type=\"heading.default\">\n\t\t\t\t<div class=\"elementor-widget-container\">\n\t\t\t\t\t<h2 class=\"elementor-heading-title elementor-size-default\">Strategic Partnership Promoting the design and implementation of sustainable Erasmus + projects<\/h2>\t\t\t\t<\/div>\n\t\t\t\t<\/div>\n\t\t\t\t<div class=\"elementor-element elementor-element-b4b161e elementor-widget elementor-widget-text-editor\" data-id=\"b4b161e\" data-element_type=\"widget\" data-e-type=\"widget\" data-widget_type=\"text-editor.default\">\n\t\t\t\t<div class=\"elementor-widget-container\">\n\t\t\t\t\t\t\t\t\t<p><\/p><p><\/p><p><\/p><p><\/p><p>Numer projektu: 2021-1-ES01-KA220-VET-000034683<br \/>Okres realizacji: 28-02-2022 &#8211; 27-02-2024<br \/>Bud\u017cet projektu: \u20ac 147,241<\/p>\t\t\t\t\t\t\t\t<\/div>\n\t\t\t\t<\/div>\n\t\t\t\t<section class=\"elementor-section elementor-inner-section elementor-element elementor-element-91005e4 elementor-section-boxed elementor-section-height-default elementor-section-height-default\" data-id=\"91005e4\" data-element_type=\"section\" data-e-type=\"section\">\n\t\t\t\t\t\t<div class=\"elementor-container elementor-column-gap-default\">\n\t\t\t\t\t<div class=\"elementor-column elementor-col-33 elementor-inner-column elementor-element elementor-element-622e041\" data-id=\"622e041\" data-element_type=\"column\" data-e-type=\"column\">\n\t\t\t<div class=\"elementor-widget-wrap elementor-element-populated\">\n\t\t\t\t\t\t<div class=\"elementor-element elementor-element-fe94069 elementor-align-center elementor-widget elementor-widget-button\" data-id=\"fe94069\" data-element_type=\"widget\" data-e-type=\"widget\" data-widget_type=\"button.default\">\n\t\t\t\t<div class=\"elementor-widget-container\">\n\t\t\t\t\t\t\t\t\t<div class=\"elementor-button-wrapper\">\n\t\t\t\t\t<a class=\"elementor-button elementor-button-link elementor-size-xl\" href=\"\/#about\">\n\t\t\t\t\t\t<span class=\"elementor-button-content-wrapper\">\n\t\t\t\t\t\t\t\t\t<span class=\"elementor-button-text\">O projekcie<\/span>\n\t\t\t\t\t<\/span>\n\t\t\t\t\t<\/a>\n\t\t\t\t<\/div>\n\t\t\t\t\t\t\t\t<\/div>\n\t\t\t\t<\/div>\n\t\t\t\t\t<\/div>\n\t\t<\/div>\n\t\t\t\t<div class=\"elementor-column elementor-col-33 elementor-inner-column elementor-element elementor-element-b12e360\" data-id=\"b12e360\" data-element_type=\"column\" data-e-type=\"column\">\n\t\t\t<div class=\"elementor-widget-wrap elementor-element-populated\">\n\t\t\t\t\t\t<div class=\"elementor-element elementor-element-328f926 elementor-align-center elementor-widget elementor-widget-button\" data-id=\"328f926\" data-element_type=\"widget\" data-e-type=\"widget\" data-widget_type=\"button.default\">\n\t\t\t\t<div class=\"elementor-widget-container\">\n\t\t\t\t\t\t\t\t\t<div class=\"elementor-button-wrapper\">\n\t\t\t\t\t<a class=\"elementor-button elementor-button-link elementor-size-xl\" href=\"\/#partnership\">\n\t\t\t\t\t\t<span class=\"elementor-button-content-wrapper\">\n\t\t\t\t\t\t\t\t\t<span class=\"elementor-button-text\">Partnerstwo<\/span>\n\t\t\t\t\t<\/span>\n\t\t\t\t\t<\/a>\n\t\t\t\t<\/div>\n\t\t\t\t\t\t\t\t<\/div>\n\t\t\t\t<\/div>\n\t\t\t\t\t<\/div>\n\t\t<\/div>\n\t\t\t\t<div class=\"elementor-column elementor-col-33 elementor-inner-column elementor-element elementor-element-0793ed2\" data-id=\"0793ed2\" data-element_type=\"column\" data-e-type=\"column\">\n\t\t\t<div class=\"elementor-widget-wrap elementor-element-populated\">\n\t\t\t\t\t\t<div class=\"elementor-element elementor-element-eb66f0b elementor-align-center elementor-widget elementor-widget-button\" data-id=\"eb66f0b\" data-element_type=\"widget\" data-e-type=\"widget\" data-widget_type=\"button.default\">\n\t\t\t\t<div class=\"elementor-widget-container\">\n\t\t\t\t\t\t\t\t\t<div class=\"elementor-button-wrapper\">\n\t\t\t\t\t<a class=\"elementor-button elementor-button-link elementor-size-xl\" href=\"\/#results\">\n\t\t\t\t\t\t<span class=\"elementor-button-content-wrapper\">\n\t\t\t\t\t\t\t\t\t<span class=\"elementor-button-text\">Rezultaty projektu<\/span>\n\t\t\t\t\t<\/span>\n\t\t\t\t\t<\/a>\n\t\t\t\t<\/div>\n\t\t\t\t\t\t\t\t<\/div>\n\t\t\t\t<\/div>\n\t\t\t\t\t<\/div>\n\t\t<\/div>\n\t\t\t\t\t<\/div>\n\t\t<\/section>\n\t\t\t\t\t<\/div>\n\t\t<\/div>\n\t\t\t\t\t<\/div>\n\t\t<\/section>\n\t\t\t\t<section class=\"elementor-section elementor-top-section elementor-element elementor-element-98741a6 elementor-section-height-min-height elementor-section-boxed elementor-section-height-default elementor-section-items-middle\" data-id=\"98741a6\" data-element_type=\"section\" data-e-type=\"section\" data-settings=\"{&quot;background_background&quot;:&quot;classic&quot;}\">\n\t\t\t\t\t\t\t<div class=\"elementor-background-overlay\"><\/div>\n\t\t\t\t\t\t\t<div class=\"elementor-container elementor-column-gap-default\">\n\t\t\t\t\t<div class=\"elementor-column elementor-col-100 elementor-top-column elementor-element elementor-element-877f652\" data-id=\"877f652\" data-element_type=\"column\" data-e-type=\"column\">\n\t\t\t<div class=\"elementor-widget-wrap elementor-element-populated\">\n\t\t\t\t\t\t<div class=\"elementor-element elementor-element-630eb92 elementor-widget elementor-widget-menu-anchor\" data-id=\"630eb92\" data-element_type=\"widget\" data-e-type=\"widget\" data-widget_type=\"menu-anchor.default\">\n\t\t\t\t<div class=\"elementor-widget-container\">\n\t\t\t\t\t\t\t<div class=\"elementor-menu-anchor\" id=\"about\"><\/div>\n\t\t\t\t\t\t<\/div>\n\t\t\t\t<\/div>\n\t\t\t\t<div class=\"elementor-element elementor-element-0803578 elementor-widget elementor-widget-heading\" data-id=\"0803578\" data-element_type=\"widget\" data-e-type=\"widget\" data-widget_type=\"heading.default\">\n\t\t\t\t<div class=\"elementor-widget-container\">\n\t\t\t\t\t<h2 class=\"elementor-heading-title elementor-size-default\">O projekcie<\/h2>\t\t\t\t<\/div>\n\t\t\t\t<\/div>\n\t\t\t\t<div class=\"elementor-element elementor-element-e7c9f0f elementor-widget elementor-widget-text-editor\" data-id=\"e7c9f0f\" data-element_type=\"widget\" data-e-type=\"widget\" data-widget_type=\"text-editor.default\">\n\t\t\t\t<div class=\"elementor-widget-container\">\n\t\t\t\t\t\t\t\t\t<p><\/p><p>G\u0142\u00f3wnym celem projektu SUSTAIN E+ jest opracowanie wytycznych skierowanych do pracownik\u00f3w zaanga\u017cowanych w opracowywanie i realizacj\u0119 projekt\u00f3w Erasmus + oraz pom\u00f3c im w opracowaniu ekologicznych propozycji projekt\u00f3w, kt\u00f3re uwzgl\u0119dniaj\u0105 \u015blad w\u0119glowy ich dzia\u0142a\u0144 i zamierzaj\u0105 go ograniczy\u0107 dzi\u0119ki bardziej zr\u00f3wnowa\u017conym dzia\u0142aniom, zw\u0142aszcza w zakresie mobilno\u015bci. Dzi\u0119ki Sustain E+, profesjonali\u015bci pracuj\u0105cy z Erasmusem + b\u0119d\u0105 mogli lepiej oceni\u0107 sw\u00f3j wp\u0142yw na \u015brodowisko, zmniejszy\u0107 go, a przez to zwi\u0119kszy\u0107 \u015bwiadomo\u015b\u0107 wszystkich uczestnik\u00f3w Erasmusa na temat ich zachowa\u0144 promuj\u0105cych zr\u00f3wnowa\u017cone dzia\u0142ania.<\/p><p>Dlatego te\u017c projekt odpowiada na wybrane priorytety dziedzinowe, poniewa\u017c szkolenie edukator\u00f3w os\u00f3b doros\u0142ych w zakresie kszta\u0142cenia na odleg\u0142o\u015b\u0107 zwi\u0119ksza zapewnienie jako\u015bci w kszta\u0142ceniu i szkoleniu zawodowym.<\/p>\t\t\t\t\t\t\t\t<\/div>\n\t\t\t\t<\/div>\n\t\t\t\t<div class=\"elementor-element elementor-element-9979da6 elementor-widget elementor-widget-menu-anchor\" data-id=\"9979da6\" data-element_type=\"widget\" data-e-type=\"widget\" data-widget_type=\"menu-anchor.default\">\n\t\t\t\t<div class=\"elementor-widget-container\">\n\t\t\t\t\t\t\t<div class=\"elementor-menu-anchor\" id=\"results\"><\/div>\n\t\t\t\t\t\t<\/div>\n\t\t\t\t<\/div>\n\t\t\t\t<div class=\"elementor-element elementor-element-74871ae elementor-widget elementor-widget-heading\" data-id=\"74871ae\" data-element_type=\"widget\" data-e-type=\"widget\" data-widget_type=\"heading.default\">\n\t\t\t\t<div class=\"elementor-widget-container\">\n\t\t\t\t\t<h2 class=\"elementor-heading-title elementor-size-default\">Rezultaty projektu<\/h2>\t\t\t\t<\/div>\n\t\t\t\t<\/div>\n\t\t\t\t<section class=\"elementor-section elementor-inner-section elementor-element elementor-element-a0dc4a7 elementor-section-boxed elementor-section-height-default elementor-section-height-default\" data-id=\"a0dc4a7\" data-element_type=\"section\" data-e-type=\"section\">\n\t\t\t\t\t\t<div class=\"elementor-container elementor-column-gap-default\">\n\t\t\t\t\t<div class=\"elementor-column elementor-col-33 elementor-inner-column elementor-element elementor-element-f3c781a\" data-id=\"f3c781a\" data-element_type=\"column\" data-e-type=\"column\">\n\t\t\t<div class=\"elementor-widget-wrap elementor-element-populated\">\n\t\t\t\t\t\t<div class=\"elementor-element elementor-element-7ca974a elementor-widget elementor-widget-text-editor\" data-id=\"7ca974a\" data-element_type=\"widget\" data-e-type=\"widget\" data-widget_type=\"text-editor.default\">\n\t\t\t\t<div class=\"elementor-widget-container\">\n\t\t\t\t\t\t\t\t\t\n\n\n\n<ul>\n \t<li>R1: Projekty Erasmus + i ich wp\u0142yw na \u015brodowisko. Rezultat ten b\u0119dzie polega\u0142 na zebraniu danych i analizie \u017ar\u00f3de\u0142 strat\nw projektach Erasmus +, opracowaniu kwestionariusza autoewaluacji oraz zielonego certyfikatu<\/li>\n<\/ul>\n\t\t\t\t\t\t\t\t<\/div>\n\t\t\t\t<\/div>\n\t\t\t\t<div class=\"elementor-element elementor-element-30e2317 elementor-align-center elementor-widget elementor-widget-button\" data-id=\"30e2317\" data-element_type=\"widget\" data-e-type=\"widget\" data-widget_type=\"button.default\">\n\t\t\t\t<div class=\"elementor-widget-container\">\n\t\t\t\t\t\t\t\t\t<div class=\"elementor-button-wrapper\">\n\t\t\t\t\t<a class=\"elementor-button elementor-button-link elementor-size-md\" href=\"https:\/\/sustaineplus.erasmus.site\/auto-evaluation-tool\">\n\t\t\t\t\t\t<span class=\"elementor-button-content-wrapper\">\n\t\t\t\t\t\t\t\t\t<span class=\"elementor-button-text\">Open<\/span>\n\t\t\t\t\t<\/span>\n\t\t\t\t\t<\/a>\n\t\t\t\t<\/div>\n\t\t\t\t\t\t\t\t<\/div>\n\t\t\t\t<\/div>\n\t\t\t\t\t<\/div>\n\t\t<\/div>\n\t\t\t\t<div class=\"elementor-column elementor-col-33 elementor-inner-column elementor-element elementor-element-0f82223\" data-id=\"0f82223\" data-element_type=\"column\" data-e-type=\"column\">\n\t\t\t<div class=\"elementor-widget-wrap elementor-element-populated\">\n\t\t\t\t\t\t<div class=\"elementor-element elementor-element-55ff433 elementor-widget elementor-widget-text-editor\" data-id=\"55ff433\" data-element_type=\"widget\" data-e-type=\"widget\" data-widget_type=\"text-editor.default\">\n\t\t\t\t<div class=\"elementor-widget-container\">\n\t\t\t\t\t\t\t\t\t\n\n\n\n<ul>\n \t<li>R2: Rozw\u00f3j szkole\u0144 Rezultat ten b\u0119dzie polega\u0142 na opracowaniu szkolenia dedykowanego podnoszeniu kwalifikacji pracownik\u00f3w w zakresie zr\u00f3wnowa\u017conych &#8211; ekologicznych projekt\u00f3w Erasmus +.<\/li>\n<\/ul>\n\t\t\t\t\t\t\t\t<\/div>\n\t\t\t\t<\/div>\n\t\t\t\t<div class=\"elementor-element elementor-element-8fd322b elementor-align-center elementor-widget elementor-widget-button\" data-id=\"8fd322b\" data-element_type=\"widget\" data-e-type=\"widget\" data-widget_type=\"button.default\">\n\t\t\t\t<div class=\"elementor-widget-container\">\n\t\t\t\t\t\t\t\t\t<div class=\"elementor-button-wrapper\">\n\t\t\t\t\t<a class=\"elementor-button elementor-button-link elementor-size-md\" href=\"https:\/\/sustaineplus.erasmus.site\/training-development\/\">\n\t\t\t\t\t\t<span class=\"elementor-button-content-wrapper\">\n\t\t\t\t\t\t\t\t\t<span class=\"elementor-button-text\">Open<\/span>\n\t\t\t\t\t<\/span>\n\t\t\t\t\t<\/a>\n\t\t\t\t<\/div>\n\t\t\t\t\t\t\t\t<\/div>\n\t\t\t\t<\/div>\n\t\t\t\t\t<\/div>\n\t\t<\/div>\n\t\t\t\t<div class=\"elementor-column elementor-col-33 elementor-inner-column elementor-element elementor-element-e99bc7e\" data-id=\"e99bc7e\" data-element_type=\"column\" data-e-type=\"column\">\n\t\t\t<div class=\"elementor-widget-wrap elementor-element-populated\">\n\t\t\t\t\t\t<div class=\"elementor-element elementor-element-1811ec1 elementor-widget elementor-widget-text-editor\" data-id=\"1811ec1\" data-element_type=\"widget\" data-e-type=\"widget\" data-widget_type=\"text-editor.default\">\n\t\t\t\t<div class=\"elementor-widget-container\">\n\t\t\t\t\t\t\t\t\t\n\n\n\n\n<ul>\n \t<li>R3: Spo\u0142eczne narz\u0119dzie szkoleniowe Ten rezultat b\u0119dzie polega\u0142 na opracowaniu platformy szkoleniowej, kt\u00f3ra bada i dostarcza cyfrowe alternatywy dla bardziej zr\u00f3wnowa\u017conego zarz\u0105dzania projektami, opr\u00f3cz dostarczania tre\u015bci R2.<\/li>\n<\/ul>\n\t\t\t\t\t\t\t\t<\/div>\n\t\t\t\t<\/div>\n\t\t\t\t<div class=\"elementor-element elementor-element-4f27b5e elementor-align-center elementor-widget elementor-widget-button\" data-id=\"4f27b5e\" data-element_type=\"widget\" data-e-type=\"widget\" data-widget_type=\"button.default\">\n\t\t\t\t<div class=\"elementor-widget-container\">\n\t\t\t\t\t\t\t\t\t<div class=\"elementor-button-wrapper\">\n\t\t\t\t\t<a class=\"elementor-button elementor-button-link elementor-size-md\" href=\"https:\/\/sustaineplus.erasmus.site\/platform\/login\">\n\t\t\t\t\t\t<span class=\"elementor-button-content-wrapper\">\n\t\t\t\t\t\t\t\t\t<span class=\"elementor-button-text\">Open<\/span>\n\t\t\t\t\t<\/span>\n\t\t\t\t\t<\/a>\n\t\t\t\t<\/div>\n\t\t\t\t\t\t\t\t<\/div>\n\t\t\t\t<\/div>\n\t\t\t\t\t<\/div>\n\t\t<\/div>\n\t\t\t\t\t<\/div>\n\t\t<\/section>\n\t\t\t\t\t<\/div>\n\t\t<\/div>\n\t\t\t\t\t<\/div>\n\t\t<\/section>\n\t\t\t\t<section class=\"elementor-section elementor-top-section elementor-element elementor-element-296cbd2 elementor-section-boxed elementor-section-height-default elementor-section-height-default\" data-id=\"296cbd2\" data-element_type=\"section\" data-e-type=\"section\">\n\t\t\t\t\t\t<div class=\"elementor-container elementor-column-gap-default\">\n\t\t\t\t\t<div class=\"elementor-column elementor-col-100 elementor-top-column elementor-element elementor-element-b15b991\" data-id=\"b15b991\" data-element_type=\"column\" data-e-type=\"column\">\n\t\t\t<div class=\"elementor-widget-wrap elementor-element-populated\">\n\t\t\t\t\t\t<div class=\"elementor-element elementor-element-c42fe22 elementor-widget elementor-widget-menu-anchor\" data-id=\"c42fe22\" data-element_type=\"widget\" data-e-type=\"widget\" data-widget_type=\"menu-anchor.default\">\n\t\t\t\t<div class=\"elementor-widget-container\">\n\t\t\t\t\t\t\t<div class=\"elementor-menu-anchor\" id=\"partnership\"><\/div>\n\t\t\t\t\t\t<\/div>\n\t\t\t\t<\/div>\n\t\t\t\t<div class=\"elementor-element elementor-element-6a243cc elementor-widget elementor-widget-heading\" data-id=\"6a243cc\" data-element_type=\"widget\" data-e-type=\"widget\" data-widget_type=\"heading.default\">\n\t\t\t\t<div class=\"elementor-widget-container\">\n\t\t\t\t\t<h2 class=\"elementor-heading-title elementor-size-default\">Partnerstwo<\/h2>\t\t\t\t<\/div>\n\t\t\t\t<\/div>\n\t\t\t\t\t<\/div>\n\t\t<\/div>\n\t\t\t\t\t<\/div>\n\t\t<\/section>\n\t\t\t\t<section class=\"elementor-section elementor-top-section elementor-element elementor-element-2bd9ffa elementor-section-boxed elementor-section-height-default elementor-section-height-default\" data-id=\"2bd9ffa\" data-element_type=\"section\" data-e-type=\"section\">\n\t\t\t\t\t\t<div class=\"elementor-container elementor-column-gap-default\">\n\t\t\t\t\t<div class=\"elementor-column elementor-col-20 elementor-top-column elementor-element elementor-element-169753f\" data-id=\"169753f\" data-element_type=\"column\" data-e-type=\"column\">\n\t\t\t<div class=\"elementor-widget-wrap elementor-element-populated\">\n\t\t\t\t\t\t<div class=\"elementor-element elementor-element-35663bc elementor-widget elementor-widget-text-editor\" data-id=\"35663bc\" data-element_type=\"widget\" data-e-type=\"widget\" data-widget_type=\"text-editor.default\">\n\t\t\t\t<div class=\"elementor-widget-container\">\n\t\t\t\t\t\t\t\t\t<div id=\"pl-1564\" class=\"panel-layout\">\n<div id=\"pg-1564-0\" class=\"panel-grid panel-no-style\" data-style=\"{\" data-ratio=\"1\" data-ratio-direction=\"right\">\n<div id=\"pgc-1564-0-0\" class=\"panel-grid-cell\" data-weight=\"0.2\">\n<div id=\"panel-1564-0-0-0\" class=\"so-panel widget widget_sow-editor panel-first-child panel-last-child\" data-index=\"0\" data-style=\"{\">\n<div class=\"so-widget-sow-editor so-widget-sow-editor-base\">\n<div class=\"siteorigin-widget-tinymce textwidget\">\n\n<span class='pum-trigger  popmake-139  ' data-do-default=''>\n<img loading=\"lazy\" decoding=\"async\" class=\"alignnone size-full wp-image-80\" src=\"https:\/\/sustaineplus.erasmus.site\/wp-content\/uploads\/2022\/07\/novotec.png\" alt=\"\" width=\"300\" height=\"300\" srcset=\"https:\/\/sustaineplus.erasmus.site\/wp-content\/uploads\/2022\/07\/novotec.png 300w, https:\/\/sustaineplus.erasmus.site\/wp-content\/uploads\/2022\/07\/novotec-150x150.png 150w\" sizes=\"(max-width: 300px) 100vw, 300px\" \/>\n<\/span>\n\n<\/div>\n<\/div>\n<\/div>\n<\/div>\n<\/div>\n<\/div>\t\t\t\t\t\t\t\t<\/div>\n\t\t\t\t<\/div>\n\t\t\t\t\t<\/div>\n\t\t<\/div>\n\t\t\t\t<div class=\"elementor-column elementor-col-20 elementor-top-column elementor-element elementor-element-20b4bfd\" data-id=\"20b4bfd\" data-element_type=\"column\" data-e-type=\"column\">\n\t\t\t<div class=\"elementor-widget-wrap elementor-element-populated\">\n\t\t\t\t\t\t<div class=\"elementor-element elementor-element-47dd6d0 elementor-widget elementor-widget-text-editor\" data-id=\"47dd6d0\" data-element_type=\"widget\" data-e-type=\"widget\" data-widget_type=\"text-editor.default\">\n\t\t\t\t<div class=\"elementor-widget-container\">\n\t\t\t\t\t\t\t\t\t<div id=\"pl-1564\" class=\"panel-layout\"><div id=\"pg-1564-0\" class=\"panel-grid panel-no-style\" data-style=\"{\" data-ratio=\"1\" data-ratio-direction=\"right\"><div id=\"pgc-1564-0-0\" class=\"panel-grid-cell\" data-weight=\"0.2\"><div id=\"panel-1564-0-0-0\" class=\"so-panel widget widget_sow-editor panel-first-child panel-last-child\" data-index=\"0\" data-style=\"{\"><div class=\"so-widget-sow-editor so-widget-sow-editor-base\"><div class=\"siteorigin-widget-tinymce textwidget\"><span class='pum-trigger  popmake-144  ' data-do-default=''><br \/><img loading=\"lazy\" decoding=\"async\" class=\"alignnone size-full wp-image-78\" src=\"https:\/\/sustaineplus.erasmus.site\/wp-content\/uploads\/2022\/07\/uot.png\" alt=\"\" width=\"300\" height=\"300\" srcset=\"https:\/\/sustaineplus.erasmus.site\/wp-content\/uploads\/2022\/07\/uot.png 300w, https:\/\/sustaineplus.erasmus.site\/wp-content\/uploads\/2022\/07\/uot-150x150.png 150w\" sizes=\"(max-width: 300px) 100vw, 300px\" \/><br \/><\/span><\/div><\/div><\/div><\/div><\/div><\/div>\t\t\t\t\t\t\t\t<\/div>\n\t\t\t\t<\/div>\n\t\t\t\t\t<\/div>\n\t\t<\/div>\n\t\t\t\t<div class=\"elementor-column elementor-col-20 elementor-top-column elementor-element elementor-element-0e540e3\" data-id=\"0e540e3\" data-element_type=\"column\" data-e-type=\"column\">\n\t\t\t<div class=\"elementor-widget-wrap elementor-element-populated\">\n\t\t\t\t\t\t<div class=\"elementor-element elementor-element-422f73f elementor-widget elementor-widget-text-editor\" data-id=\"422f73f\" data-element_type=\"widget\" data-e-type=\"widget\" data-widget_type=\"text-editor.default\">\n\t\t\t\t<div class=\"elementor-widget-container\">\n\t\t\t\t\t\t\t\t\t<div id=\"pl-1564\" class=\"panel-layout\">\n<div id=\"pg-1564-0\" class=\"panel-grid panel-no-style\" data-style=\"{\" data-ratio=\"1\" data-ratio-direction=\"right\">\n<div id=\"pgc-1564-0-0\" class=\"panel-grid-cell\" data-weight=\"0.2\">\n<div id=\"panel-1564-0-0-0\" class=\"so-panel widget widget_sow-editor panel-first-child panel-last-child\" data-index=\"0\" data-style=\"{\">\n<div class=\"so-widget-sow-editor so-widget-sow-editor-base\">\n<div class=\"siteorigin-widget-tinymce textwidget\">\n\n<span class='pum-trigger  popmake-152  ' data-do-default=''>\n<img loading=\"lazy\" decoding=\"async\" class=\"alignnone size-full wp-image-77\" src=\"https:\/\/sustaineplus.erasmus.site\/wp-content\/uploads\/2022\/07\/meus.png\" alt=\"\" width=\"300\" height=\"300\" srcset=\"https:\/\/sustaineplus.erasmus.site\/wp-content\/uploads\/2022\/07\/meus.png 300w, https:\/\/sustaineplus.erasmus.site\/wp-content\/uploads\/2022\/07\/meus-150x150.png 150w\" sizes=\"(max-width: 300px) 100vw, 300px\" \/>\n<\/span>\n\n<\/div>\n<\/div>\n<\/div>\n<\/div>\n<\/div>\n<\/div>\t\t\t\t\t\t\t\t<\/div>\n\t\t\t\t<\/div>\n\t\t\t\t\t<\/div>\n\t\t<\/div>\n\t\t\t\t<div class=\"elementor-column elementor-col-20 elementor-top-column elementor-element elementor-element-9198f0e\" data-id=\"9198f0e\" data-element_type=\"column\" data-e-type=\"column\">\n\t\t\t<div class=\"elementor-widget-wrap elementor-element-populated\">\n\t\t\t\t\t\t<div class=\"elementor-element elementor-element-4ffccbe elementor-widget elementor-widget-text-editor\" data-id=\"4ffccbe\" data-element_type=\"widget\" data-e-type=\"widget\" data-widget_type=\"text-editor.default\">\n\t\t\t\t<div class=\"elementor-widget-container\">\n\t\t\t\t\t\t\t\t\t<div id=\"pl-1564\" class=\"panel-layout\">\n<div id=\"pg-1564-0\" class=\"panel-grid panel-no-style\" data-style=\"{\" data-ratio=\"1\" data-ratio-direction=\"right\">\n<div id=\"pgc-1564-0-0\" class=\"panel-grid-cell\" data-weight=\"0.2\">\n<div id=\"panel-1564-0-0-0\" class=\"so-panel widget widget_sow-editor panel-first-child panel-last-child\" data-index=\"0\" data-style=\"{\">\n<div class=\"so-widget-sow-editor so-widget-sow-editor-base\">\n<div class=\"siteorigin-widget-tinymce textwidget\">\n\n<span class='pum-trigger  popmake-160  ' data-do-default=''>\n<img loading=\"lazy\" decoding=\"async\" class=\"alignnone size-full wp-image-74\" src=\"https:\/\/sustaineplus.erasmus.site\/wp-content\/uploads\/2022\/07\/danmar.png\" alt=\"\" width=\"300\" height=\"300\" srcset=\"https:\/\/sustaineplus.erasmus.site\/wp-content\/uploads\/2022\/07\/danmar.png 300w, https:\/\/sustaineplus.erasmus.site\/wp-content\/uploads\/2022\/07\/danmar-150x150.png 150w\" sizes=\"(max-width: 300px) 100vw, 300px\" \/>\n<\/span>\n\n<\/div>\n<\/div>\n<\/div>\n<\/div>\n<\/div>\n<\/div>\t\t\t\t\t\t\t\t<\/div>\n\t\t\t\t<\/div>\n\t\t\t\t\t<\/div>\n\t\t<\/div>\n\t\t\t\t<div class=\"elementor-column elementor-col-20 elementor-top-column elementor-element elementor-element-e763abf\" data-id=\"e763abf\" data-element_type=\"column\" data-e-type=\"column\">\n\t\t\t<div class=\"elementor-widget-wrap elementor-element-populated\">\n\t\t\t\t\t\t<div class=\"elementor-element elementor-element-13eccc2 elementor-widget elementor-widget-text-editor\" data-id=\"13eccc2\" data-element_type=\"widget\" data-e-type=\"widget\" data-widget_type=\"text-editor.default\">\n\t\t\t\t<div class=\"elementor-widget-container\">\n\t\t\t\t\t\t\t\t\t<div id=\"pl-1564\" class=\"panel-layout\"><div id=\"pg-1564-0\" class=\"panel-grid panel-no-style\" data-style=\"{\" data-ratio=\"1\" data-ratio-direction=\"right\"><div id=\"pgc-1564-0-0\" class=\"panel-grid-cell\" data-weight=\"0.2\"><div id=\"panel-1564-0-0-0\" class=\"so-panel widget widget_sow-editor panel-first-child panel-last-child\" data-index=\"0\" data-style=\"{\"><div class=\"so-widget-sow-editor so-widget-sow-editor-base\"><div class=\"siteorigin-widget-tinymce textwidget\"><span class='pum-trigger  popmake-170  ' data-do-default=''><br \/><img loading=\"lazy\" decoding=\"async\" class=\"alignnone size-full wp-image-81\" src=\"https:\/\/sustaineplus.erasmus.site\/wp-content\/uploads\/2022\/07\/eitd.png\" alt=\"\" width=\"300\" height=\"300\" srcset=\"https:\/\/sustaineplus.erasmus.site\/wp-content\/uploads\/2022\/07\/eitd.png 300w, https:\/\/sustaineplus.erasmus.site\/wp-content\/uploads\/2022\/07\/eitd-150x150.png 150w\" sizes=\"(max-width: 300px) 100vw, 300px\" \/><br \/><\/span><\/div><\/div><\/div><\/div><\/div><\/div>\t\t\t\t\t\t\t\t<\/div>\n\t\t\t\t<\/div>\n\t\t\t\t\t<\/div>\n\t\t<\/div>\n\t\t\t\t\t<\/div>\n\t\t<\/section>\n\t\t\t\t<\/div>\n\t\t","protected":false},"excerpt":{"rendered":"<p>SUSTAIN E+ Strategic Partnership Promoting the design and implementation of sustainable Erasmus + projects Numer projektu: 2021-1-ES01-KA220-VET-000034683Okres realizacji: 28-02-2022 &#8211; 27-02-2024Bud\u017cet projektu: \u20ac 147,241 O projekcie Partnerstwo Rezultaty projektu O projekcie G\u0142\u00f3wnym celem projektu SUSTAIN E+ jest opracowanie wytycznych skierowanych do pracownik\u00f3w zaanga\u017cowanych w opracowywanie i realizacj\u0119 projekt\u00f3w Erasmus + oraz pom\u00f3c im w opracowaniu&hellip;&nbsp;<\/p>\n","protected":false},"author":1,"featured_media":0,"parent":0,"menu_order":0,"comment_status":"closed","ping_status":"closed","template":"page-templates\/template-pagebuilder-full-width.php","meta":{"neve_meta_sidebar":"","neve_meta_container":"","neve_meta_enable_content_width":"off","neve_meta_content_width":100,"neve_meta_title_alignment":"","neve_meta_author_avatar":"","neve_post_elements_order":"","neve_meta_disable_header":"","neve_meta_disable_footer":"","neve_meta_disable_title":"","footnotes":""},"class_list":["post-14","page","type-page","status-publish","hentry"],"_links":{"self":[{"href":"https:\/\/sustaineplus.erasmus.site\/pl\/wp-json\/wp\/v2\/pages\/14","targetHints":{"allow":["GET"]}}],"collection":[{"href":"https:\/\/sustaineplus.erasmus.site\/pl\/wp-json\/wp\/v2\/pages"}],"about":[{"href":"https:\/\/sustaineplus.erasmus.site\/pl\/wp-json\/wp\/v2\/types\/page"}],"author":[{"embeddable":true,"href":"https:\/\/sustaineplus.erasmus.site\/pl\/wp-json\/wp\/v2\/users\/1"}],"replies":[{"embeddable":true,"href":"https:\/\/sustaineplus.erasmus.site\/pl\/wp-json\/wp\/v2\/comments?post=14"}],"version-history":[{"count":133,"href":"https:\/\/sustaineplus.erasmus.site\/pl\/wp-json\/wp\/v2\/pages\/14\/revisions"}],"predecessor-version":[{"id":425,"href":"https:\/\/sustaineplus.erasmus.site\/pl\/wp-json\/wp\/v2\/pages\/14\/revisions\/425"}],"wp:attachment":[{"href":"https:\/\/sustaineplus.erasmus.site\/pl\/wp-json\/wp\/v2\/media?parent=14"}],"curies":[{"name":"wp","href":"https:\/\/api.w.org\/{rel}","templated":true}]}}